{"id":73,"date":"2017-03-22T19:38:24","date_gmt":"2017-03-22T17:38:24","guid":{"rendered":"http:\/\/www.villalba-tsa.com\/?page_id=73"},"modified":"2017-09-22T16:14:04","modified_gmt":"2017-09-22T14:14:04","slug":"qui-sommes-nous","status":"publish","type":"page","link":"https:\/\/www.villalba-tsa.com\/index.php\/qui-sommes-nous\/","title":{"rendered":"Qui sommes nous"},"content":{"rendered":"<p>Nous sommes une famille passionn\u00e9e par notre m\u00e9tier second\u00e9e par des collaborateurs que nous formons \u00e0 notre image.<br \/>\nNous avons cr\u00e9er notre entreprise le 20 juin 2003 mais exer\u00e7ons cette profession depuis plus de 30 ans.                                                                                                                                                                                                      A ce jour, notre parc de mat\u00e9riel s&rsquo;est \u00e9toff\u00e9 et nous disposons d&rsquo;une cinquantaine de machines neuves voire tr\u00e8s r\u00e9centes de tailles  et d&rsquo;utilit\u00e9s diff\u00e9rentes afin de pouvoir r\u00e9pondre au mieux aux besoins et probl\u00e9matiques de nos clients.<\/p>\n<p>Que veut dire <b>VILLALBA TSA<\/b> ?<\/p>\n<p>C&rsquo;est tr\u00e8s simple :<\/p>\n<p><b>T<\/b> pour TONY, Directeur d&rsquo;Exploitation,<br \/>\nMr VILLALBA s\u00e9nior<\/p>\n<p><b>S<\/b> pour SYLVIE, G\u00e9rante,<br \/>\nMme VILLALBA<\/p>\n<p><b>A<\/b> pour ANTHONY, Gestionnaire de Transport,<br \/>\nMr VILLALBA junior<br \/>\n<a href=\"http:\/\/www.villalba-tsa.com\/wp-content\/uploads\/2017\/05\/img_4360.jpg\"><\/a><a href=\"https:\/\/i0.wp.com\/www.villalba-tsa.com\/wp-content\/uploads\/2017\/05\/img_4588-1.jpg\"><img data-recalc-dims=\"1\" loading=\"lazy\" decoding=\"async\" data-attachment-id=\"342\" data-permalink=\"https:\/\/www.villalba-tsa.com\/index.php\/qui-sommes-nous\/img_4588-1-jpg\/\" data-orig-file=\"https:\/\/i0.wp.com\/www.villalba-tsa.com\/wp-content\/uploads\/2017\/05\/img_4588-1.jpg?fit=888%2C1334&amp;ssl=1\" data-orig-size=\"888,1334\" data-comments-opened=\"1\" data-image-meta=\"{&quot;aperture&quot;:&quot;5.6&quot;,&quot;credit&quot;:&quot;&quot;,&quot;camera&quot;:&quot;Canon EOS 5D Mark II&quot;,&quot;caption&quot;:&quot;&quot;,&quot;created_timestamp&quot;:&quot;1487763687&quot;,&quot;copyright&quot;:&quot;&quot;,&quot;focal_length&quot;:&quot;55&quot;,&quot;iso&quot;:&quot;1000&quot;,&quot;shutter_speed&quot;:&quot;0.005&quot;,&quot;title&quot;:&quot;&quot;,&quot;orientation&quot;:&quot;1&quot;}\" data-image-title=\"img_4588-1.jpg\" data-image-description=\"\" data-image-caption=\"\" data-medium-file=\"https:\/\/i0.wp.com\/www.villalba-tsa.com\/wp-content\/uploads\/2017\/05\/img_4588-1.jpg?fit=200%2C300&amp;ssl=1\" data-large-file=\"https:\/\/i0.wp.com\/www.villalba-tsa.com\/wp-content\/uploads\/2017\/05\/img_4588-1.jpg?fit=682%2C1024&amp;ssl=1\" src=\"https:\/\/i0.wp.com\/www.villalba-tsa.com\/wp-content\/uploads\/2017\/05\/img_4588-1.jpg?resize=790%2C1187\" alt=\"\" width=\"790\" height=\"1187\" class=\"alignnone size-full wp-image-342\" srcset=\"https:\/\/i0.wp.com\/www.villalba-tsa.com\/wp-content\/uploads\/2017\/05\/img_4588-1.jpg?w=888&amp;ssl=1 888w, https:\/\/i0.wp.com\/www.villalba-tsa.com\/wp-content\/uploads\/2017\/05\/img_4588-1.jpg?resize=200%2C300&amp;ssl=1 200w, https:\/\/i0.wp.com\/www.villalba-tsa.com\/wp-content\/uploads\/2017\/05\/img_4588-1.jpg?resize=768%2C1154&amp;ssl=1 768w, https:\/\/i0.wp.com\/www.villalba-tsa.com\/wp-content\/uploads\/2017\/05\/img_4588-1.jpg?resize=682%2C1024&amp;ssl=1 682w\" sizes=\"(max-width: 790px) 100vw, 790px\" \/><\/a><img data-recalc-dims=\"1\" loading=\"lazy\" decoding=\"async\" data-attachment-id=\"338\" data-permalink=\"https:\/\/www.villalba-tsa.com\/index.php\/qui-sommes-nous\/img_4360-jpg\/\" data-orig-file=\"https:\/\/i0.wp.com\/www.villalba-tsa.com\/wp-content\/uploads\/2017\/05\/img_4360.jpg?fit=1334%2C888&amp;ssl=1\" data-orig-size=\"1334,888\" data-comments-opened=\"1\" data-image-meta=\"{&quot;aperture&quot;:&quot;8&quot;,&quot;credit&quot;:&quot;&quot;,&quot;camera&quot;:&quot;Canon EOS 5D Mark II&quot;,&quot;caption&quot;:&quot;&quot;,&quot;created_timestamp&quot;:&quot;1487755226&quot;,&quot;copyright&quot;:&quot;&quot;,&quot;focal_length&quot;:&quot;67&quot;,&quot;iso&quot;:&quot;100&quot;,&quot;shutter_speed&quot;:&quot;0.004&quot;,&quot;title&quot;:&quot;&quot;,&quot;orientation&quot;:&quot;1&quot;}\" data-image-title=\"img_4360.jpg\" data-image-description=\"\" data-image-caption=\"\" data-medium-file=\"https:\/\/i0.wp.com\/www.villalba-tsa.com\/wp-content\/uploads\/2017\/05\/img_4360.jpg?fit=300%2C200&amp;ssl=1\" data-large-file=\"https:\/\/i0.wp.com\/www.villalba-tsa.com\/wp-content\/uploads\/2017\/05\/img_4360.jpg?fit=790%2C526&amp;ssl=1\" src=\"https:\/\/i0.wp.com\/www.villalba-tsa.com\/wp-content\/uploads\/2017\/05\/img_4360.jpg?resize=790%2C526\" alt=\"\" width=\"790\" height=\"526\" class=\"alignnone size-full wp-image-338\" srcset=\"https:\/\/i0.wp.com\/www.villalba-tsa.com\/wp-content\/uploads\/2017\/05\/img_4360.jpg?w=1334&amp;ssl=1 1334w, https:\/\/i0.wp.com\/www.villalba-tsa.com\/wp-content\/uploads\/2017\/05\/img_4360.jpg?resize=300%2C200&amp;ssl=1 300w, https:\/\/i0.wp.com\/www.villalba-tsa.com\/wp-content\/uploads\/2017\/05\/img_4360.jpg?resize=768%2C511&amp;ssl=1 768w, https:\/\/i0.wp.com\/www.villalba-tsa.com\/wp-content\/uploads\/2017\/05\/img_4360.jpg?resize=1024%2C682&amp;ssl=1 1024w\" sizes=\"(max-width: 790px) 100vw, 790px\" \/><a href=\"https:\/\/i0.wp.com\/www.villalba-tsa.com\/wp-content\/uploads\/2017\/05\/img_4371.jpg\"><img data-recalc-dims=\"1\" loading=\"lazy\" decoding=\"async\" data-attachment-id=\"339\" data-permalink=\"https:\/\/www.villalba-tsa.com\/index.php\/qui-sommes-nous\/img_4371-jpg\/\" data-orig-file=\"https:\/\/i0.wp.com\/www.villalba-tsa.com\/wp-content\/uploads\/2017\/05\/img_4371.jpg?fit=1334%2C888&amp;ssl=1\" data-orig-size=\"1334,888\" data-comments-opened=\"1\" data-image-meta=\"{&quot;aperture&quot;:&quot;7.1&quot;,&quot;credit&quot;:&quot;&quot;,&quot;camera&quot;:&quot;Canon EOS 5D Mark II&quot;,&quot;caption&quot;:&quot;&quot;,&quot;created_timestamp&quot;:&quot;1487755413&quot;,&quot;copyright&quot;:&quot;&quot;,&quot;focal_length&quot;:&quot;58&quot;,&quot;iso&quot;:&quot;100&quot;,&quot;shutter_speed&quot;:&quot;0.005&quot;,&quot;title&quot;:&quot;&quot;,&quot;orientation&quot;:&quot;1&quot;}\" data-image-title=\"img_4371.jpg\" data-image-description=\"\" data-image-caption=\"\" data-medium-file=\"https:\/\/i0.wp.com\/www.villalba-tsa.com\/wp-content\/uploads\/2017\/05\/img_4371.jpg?fit=300%2C200&amp;ssl=1\" data-large-file=\"https:\/\/i0.wp.com\/www.villalba-tsa.com\/wp-content\/uploads\/2017\/05\/img_4371.jpg?fit=790%2C526&amp;ssl=1\" src=\"https:\/\/i0.wp.com\/www.villalba-tsa.com\/wp-content\/uploads\/2017\/05\/img_4371.jpg?resize=790%2C526\" alt=\"\" width=\"790\" height=\"526\" class=\"alignnone size-full wp-image-339\" srcset=\"https:\/\/i0.wp.com\/www.villalba-tsa.com\/wp-content\/uploads\/2017\/05\/img_4371.jpg?w=1334&amp;ssl=1 1334w, https:\/\/i0.wp.com\/www.villalba-tsa.com\/wp-content\/uploads\/2017\/05\/img_4371.jpg?resize=300%2C200&amp;ssl=1 300w, https:\/\/i0.wp.com\/www.villalba-tsa.com\/wp-content\/uploads\/2017\/05\/img_4371.jpg?resize=768%2C511&amp;ssl=1 768w, https:\/\/i0.wp.com\/www.villalba-tsa.com\/wp-content\/uploads\/2017\/05\/img_4371.jpg?resize=1024%2C682&amp;ssl=1 1024w\" sizes=\"(max-width: 790px) 100vw, 790px\" \/><\/a><a href=\"https:\/\/i0.wp.com\/www.villalba-tsa.com\/wp-content\/uploads\/2017\/05\/img_4410.jpg\"><img data-recalc-dims=\"1\" loading=\"lazy\" decoding=\"async\" data-attachment-id=\"340\" data-permalink=\"https:\/\/www.villalba-tsa.com\/index.php\/qui-sommes-nous\/img_4410-jpg\/\" data-orig-file=\"https:\/\/i0.wp.com\/www.villalba-tsa.com\/wp-content\/uploads\/2017\/05\/img_4410.jpg?fit=2304%2C1536&amp;ssl=1\" data-orig-size=\"2304,1536\" data-comments-opened=\"1\" data-image-meta=\"{&quot;aperture&quot;:&quot;6.3&quot;,&quot;credit&quot;:&quot;&quot;,&quot;camera&quot;:&quot;Canon EOS 5D Mark II&quot;,&quot;caption&quot;:&quot;&quot;,&quot;created_timestamp&quot;:&quot;1487755933&quot;,&quot;copyright&quot;:&quot;&quot;,&quot;focal_length&quot;:&quot;50&quot;,&quot;iso&quot;:&quot;100&quot;,&quot;shutter_speed&quot;:&quot;0.008&quot;,&quot;title&quot;:&quot;&quot;,&quot;orientation&quot;:&quot;1&quot;}\" data-image-title=\"img_4410.jpg\" data-image-description=\"\" data-image-caption=\"\" data-medium-file=\"https:\/\/i0.wp.com\/www.villalba-tsa.com\/wp-content\/uploads\/2017\/05\/img_4410.jpg?fit=300%2C200&amp;ssl=1\" data-large-file=\"https:\/\/i0.wp.com\/www.villalba-tsa.com\/wp-content\/uploads\/2017\/05\/img_4410.jpg?fit=790%2C527&amp;ssl=1\" src=\"https:\/\/i0.wp.com\/www.villalba-tsa.com\/wp-content\/uploads\/2017\/05\/img_4410.jpg?resize=790%2C527\" alt=\"\" width=\"790\" height=\"527\" class=\"alignnone size-full wp-image-340\" srcset=\"https:\/\/i0.wp.com\/www.villalba-tsa.com\/wp-content\/uploads\/2017\/05\/img_4410.jpg?w=2304&amp;ssl=1 2304w, https:\/\/i0.wp.com\/www.villalba-tsa.com\/wp-content\/uploads\/2017\/05\/img_4410.jpg?resize=300%2C200&amp;ssl=1 300w, https:\/\/i0.wp.com\/www.villalba-tsa.com\/wp-content\/uploads\/2017\/05\/img_4410.jpg?resize=768%2C512&amp;ssl=1 768w, https:\/\/i0.wp.com\/www.villalba-tsa.com\/wp-content\/uploads\/2017\/05\/img_4410.jpg?resize=1024%2C683&amp;ssl=1 1024w, https:\/\/i0.wp.com\/www.villalba-tsa.com\/wp-content\/uploads\/2017\/05\/img_4410.jpg?w=1580 1580w\" sizes=\"(max-width: 790px) 100vw, 790px\" \/><\/a><\/p>\n","protected":false},"excerpt":{"rendered":"<p>Nous sommes une famille passionn\u00e9e par notre m\u00e9tier second\u00e9e par des collaborateurs que nous formons \u00e0 notre image. Nous avons cr\u00e9er notre entreprise le 20 juin 2003 mais exer\u00e7ons cette profession depuis plus de 30 ans. A ce jour, notre parc de mat\u00e9riel s&rsquo;est \u00e9toff\u00e9 et nous disposons d&rsquo;une cinquantaine&#8230;<\/p>\n","protected":false},"author":1,"featured_media":0,"parent":0,"menu_order":0,"comment_status":"closed","ping_status":"closed","template":"","meta":{"jetpack_post_was_ever_published":false,"footnotes":""},"jetpack_sharing_enabled":true,"jetpack_shortlink":"https:\/\/wp.me\/P8HKR7-1b","jetpack-related-posts":[],"_links":{"self":[{"href":"https:\/\/www.villalba-tsa.com\/index.php\/wp-json\/wp\/v2\/pages\/73"}],"collection":[{"href":"https:\/\/www.villalba-tsa.com\/index.php\/wp-json\/wp\/v2\/pages"}],"about":[{"href":"https:\/\/www.villalba-tsa.com\/index.php\/wp-json\/wp\/v2\/types\/page"}],"author":[{"embeddable":true,"href":"https:\/\/www.villalba-tsa.com\/index.php\/wp-json\/wp\/v2\/users\/1"}],"replies":[{"embeddable":true,"href":"https:\/\/www.villalba-tsa.com\/index.php\/wp-json\/wp\/v2\/comments?post=73"}],"version-history":[{"count":6,"href":"https:\/\/www.villalba-tsa.com\/index.php\/wp-json\/wp\/v2\/pages\/73\/revisions"}],"predecessor-version":[{"id":442,"href":"https:\/\/www.villalba-tsa.com\/index.php\/wp-json\/wp\/v2\/pages\/73\/revisions\/442"}],"wp:attachment":[{"href":"https:\/\/www.villalba-tsa.com\/index.php\/wp-json\/wp\/v2\/media?parent=73"}],"curies":[{"name":"wp","href":"https:\/\/api.w.org\/{rel}","templated":true}]}}