{"id":72,"date":"2017-03-22T18:38:24","date_gmt":"2017-03-22T17:38:24","guid":{"rendered":"http:\/\/www.villalba-tsa.com\/?page_id=72"},"modified":"2017-05-15T17:58:31","modified_gmt":"2017-05-15T15:58:31","slug":"terrassement-vrd","status":"publish","type":"page","link":"https:\/\/www.villalba-tsa.com\/index.php\/terrassement-vrd\/","title":{"rendered":"Terrassement-VRD"},"content":{"rendered":"<p>La soci\u00e9t\u00e9 VILLALBA T.S.A. peut  r\u00e9pondre \u00e0 l&rsquo;ensemble de vos besoins de :<\/p>\n<p>TERRASSEMENT<br \/>\nVRD (EP-EU-AEP-PTT-EDF-GAZ)<br \/>\nAMENAGEMENT DE TERRAIN<br \/>\nCREATION D ACCES<br \/>\nPARKING<\/p>\n<p>Notre rayon d&rsquo;activit\u00e9 60 KM &#8211; MEGEVE &#8211; DEMI QUARTIER &#8211; PRAZ SUR ARLY &#8211; FLUMET &#8211; CHAMONIX &#8211; CLUSES<\/p>\n<p>Nous sommes \u00e0 votre disposition pour vous \u00e9tudier et vous chiffrer vos projets.<a href=\"https:\/\/i0.wp.com\/www.villalba-tsa.com\/wp-content\/uploads\/2017\/05\/img_2156.jpg\"><img data-recalc-dims=\"1\" loading=\"lazy\" decoding=\"async\" data-attachment-id=\"326\" data-permalink=\"https:\/\/www.villalba-tsa.com\/index.php\/terrassement-vrd\/img_2156-jpg\/\" data-orig-file=\"https:\/\/i0.wp.com\/www.villalba-tsa.com\/wp-content\/uploads\/2017\/05\/img_2156.jpg?fit=4032%2C3024&amp;ssl=1\" data-orig-size=\"4032,3024\" data-comments-opened=\"1\" data-image-meta=\"{&quot;aperture&quot;:&quot;1.8&quot;,&quot;credit&quot;:&quot;&quot;,&quot;camera&quot;:&quot;iPhone 7&quot;,&quot;caption&quot;:&quot;&quot;,&quot;created_timestamp&quot;:&quot;1490260267&quot;,&quot;copyright&quot;:&quot;&quot;,&quot;focal_length&quot;:&quot;3.99&quot;,&quot;iso&quot;:&quot;20&quot;,&quot;shutter_speed&quot;:&quot;0.0024752475247525&quot;,&quot;title&quot;:&quot;&quot;,&quot;orientation&quot;:&quot;1&quot;}\" data-image-title=\"img_2156.jpg\" data-image-description=\"\" data-image-caption=\"\" data-medium-file=\"https:\/\/i0.wp.com\/www.villalba-tsa.com\/wp-content\/uploads\/2017\/05\/img_2156.jpg?fit=300%2C225&amp;ssl=1\" data-large-file=\"https:\/\/i0.wp.com\/www.villalba-tsa.com\/wp-content\/uploads\/2017\/05\/img_2156.jpg?fit=790%2C593&amp;ssl=1\" src=\"https:\/\/i0.wp.com\/www.villalba-tsa.com\/wp-content\/uploads\/2017\/05\/img_2156.jpg?resize=790%2C593\" alt=\"\" width=\"790\" height=\"593\" class=\"alignnone size-full wp-image-326\" srcset=\"https:\/\/i0.wp.com\/www.villalba-tsa.com\/wp-content\/uploads\/2017\/05\/img_2156.jpg?w=4032&amp;ssl=1 4032w, https:\/\/i0.wp.com\/www.villalba-tsa.com\/wp-content\/uploads\/2017\/05\/img_2156.jpg?resize=300%2C225&amp;ssl=1 300w, https:\/\/i0.wp.com\/www.villalba-tsa.com\/wp-content\/uploads\/2017\/05\/img_2156.jpg?resize=768%2C576&amp;ssl=1 768w, https:\/\/i0.wp.com\/www.villalba-tsa.com\/wp-content\/uploads\/2017\/05\/img_2156.jpg?resize=1024%2C768&amp;ssl=1 1024w, https:\/\/i0.wp.com\/www.villalba-tsa.com\/wp-content\/uploads\/2017\/05\/img_2156.jpg?w=1580 1580w, https:\/\/i0.wp.com\/www.villalba-tsa.com\/wp-content\/uploads\/2017\/05\/img_2156.jpg?w=2370 2370w\" sizes=\"(max-width: 790px) 100vw, 790px\" \/><\/a><a href=\"https:\/\/i0.wp.com\/www.villalba-tsa.com\/wp-content\/uploads\/2017\/05\/img_1945.jpg\"><img data-recalc-dims=\"1\" loading=\"lazy\" decoding=\"async\" data-attachment-id=\"328\" data-permalink=\"https:\/\/www.villalba-tsa.com\/index.php\/terrassement-vrd\/img_1945-jpg\/\" data-orig-file=\"https:\/\/i0.wp.com\/www.villalba-tsa.com\/wp-content\/uploads\/2017\/05\/img_1945.jpg?fit=6228%2C3828&amp;ssl=1\" data-orig-size=\"6228,3828\" data-comments-opened=\"1\" data-image-meta=\"{&quot;aperture&quot;:&quot;1.8&quot;,&quot;credit&quot;:&quot;&quot;,&quot;camera&quot;:&quot;iPhone 7&quot;,&quot;caption&quot;:&quot;&quot;,&quot;created_timestamp&quot;:&quot;1487696134&quot;,&quot;copyright&quot;:&quot;&quot;,&quot;focal_length&quot;:&quot;3.99&quot;,&quot;iso&quot;:&quot;25&quot;,&quot;shutter_speed&quot;:&quot;0.00099206349206349&quot;,&quot;title&quot;:&quot;&quot;,&quot;orientation&quot;:&quot;1&quot;}\" data-image-title=\"img_1945.jpg\" data-image-description=\"\" data-image-caption=\"\" data-medium-file=\"https:\/\/i0.wp.com\/www.villalba-tsa.com\/wp-content\/uploads\/2017\/05\/img_1945.jpg?fit=300%2C184&amp;ssl=1\" data-large-file=\"https:\/\/i0.wp.com\/www.villalba-tsa.com\/wp-content\/uploads\/2017\/05\/img_1945.jpg?fit=790%2C485&amp;ssl=1\" src=\"https:\/\/i0.wp.com\/www.villalba-tsa.com\/wp-content\/uploads\/2017\/05\/img_1945.jpg?resize=790%2C486\" alt=\"\" width=\"790\" height=\"486\" class=\"alignnone size-full wp-image-328\" srcset=\"https:\/\/i0.wp.com\/www.villalba-tsa.com\/wp-content\/uploads\/2017\/05\/img_1945.jpg?w=6228&amp;ssl=1 6228w, https:\/\/i0.wp.com\/www.villalba-tsa.com\/wp-content\/uploads\/2017\/05\/img_1945.jpg?resize=300%2C184&amp;ssl=1 300w, https:\/\/i0.wp.com\/www.villalba-tsa.com\/wp-content\/uploads\/2017\/05\/img_1945.jpg?resize=768%2C472&amp;ssl=1 768w, https:\/\/i0.wp.com\/www.villalba-tsa.com\/wp-content\/uploads\/2017\/05\/img_1945.jpg?resize=1024%2C629&amp;ssl=1 1024w, https:\/\/i0.wp.com\/www.villalba-tsa.com\/wp-content\/uploads\/2017\/05\/img_1945.jpg?w=1580 1580w, https:\/\/i0.wp.com\/www.villalba-tsa.com\/wp-content\/uploads\/2017\/05\/img_1945.jpg?w=2370 2370w\" sizes=\"(max-width: 790px) 100vw, 790px\" \/><\/a><a href=\"https:\/\/i0.wp.com\/www.villalba-tsa.com\/wp-content\/uploads\/2017\/05\/img_0623.jpg\"><img data-recalc-dims=\"1\" loading=\"lazy\" decoding=\"async\" data-attachment-id=\"327\" data-permalink=\"https:\/\/www.villalba-tsa.com\/index.php\/terrassement-vrd\/img_0623-jpg\/\" data-orig-file=\"https:\/\/i0.wp.com\/www.villalba-tsa.com\/wp-content\/uploads\/2017\/05\/img_0623.jpg?fit=4032%2C3024&amp;ssl=1\" data-orig-size=\"4032,3024\" data-comments-opened=\"1\" data-image-meta=\"{&quot;aperture&quot;:&quot;2.2&quot;,&quot;credit&quot;:&quot;&quot;,&quot;camera&quot;:&quot;iPhone 6s&quot;,&quot;caption&quot;:&quot;&quot;,&quot;created_timestamp&quot;:&quot;1463495401&quot;,&quot;copyright&quot;:&quot;&quot;,&quot;focal_length&quot;:&quot;4.15&quot;,&quot;iso&quot;:&quot;25&quot;,&quot;shutter_speed&quot;:&quot;0.00094876660341556&quot;,&quot;title&quot;:&quot;&quot;,&quot;orientation&quot;:&quot;1&quot;}\" data-image-title=\"img_0623.jpg\" data-image-description=\"\" data-image-caption=\"\" data-medium-file=\"https:\/\/i0.wp.com\/www.villalba-tsa.com\/wp-content\/uploads\/2017\/05\/img_0623.jpg?fit=300%2C225&amp;ssl=1\" data-large-file=\"https:\/\/i0.wp.com\/www.villalba-tsa.com\/wp-content\/uploads\/2017\/05\/img_0623.jpg?fit=790%2C593&amp;ssl=1\" src=\"https:\/\/i0.wp.com\/www.villalba-tsa.com\/wp-content\/uploads\/2017\/05\/img_0623.jpg?resize=790%2C593\" alt=\"\" width=\"790\" height=\"593\" class=\"alignnone size-full wp-image-327\" srcset=\"https:\/\/i0.wp.com\/www.villalba-tsa.com\/wp-content\/uploads\/2017\/05\/img_0623.jpg?w=4032&amp;ssl=1 4032w, https:\/\/i0.wp.com\/www.villalba-tsa.com\/wp-content\/uploads\/2017\/05\/img_0623.jpg?resize=300%2C225&amp;ssl=1 300w, https:\/\/i0.wp.com\/www.villalba-tsa.com\/wp-content\/uploads\/2017\/05\/img_0623.jpg?resize=768%2C576&amp;ssl=1 768w, https:\/\/i0.wp.com\/www.villalba-tsa.com\/wp-content\/uploads\/2017\/05\/img_0623.jpg?resize=1024%2C768&amp;ssl=1 1024w, https:\/\/i0.wp.com\/www.villalba-tsa.com\/wp-content\/uploads\/2017\/05\/img_0623.jpg?w=1580 1580w, https:\/\/i0.wp.com\/www.villalba-tsa.com\/wp-content\/uploads\/2017\/05\/img_0623.jpg?w=2370 2370w\" sizes=\"(max-width: 790px) 100vw, 790px\" \/><\/a><a href=\"https:\/\/i0.wp.com\/www.villalba-tsa.com\/wp-content\/uploads\/2017\/05\/img_0593.jpg\"><img data-recalc-dims=\"1\" loading=\"lazy\" decoding=\"async\" data-attachment-id=\"325\" data-permalink=\"https:\/\/www.villalba-tsa.com\/index.php\/terrassement-vrd\/img_0593-jpg\/\" data-orig-file=\"https:\/\/i0.wp.com\/www.villalba-tsa.com\/wp-content\/uploads\/2017\/05\/img_0593.jpg?fit=4032%2C3024&amp;ssl=1\" data-orig-size=\"4032,3024\" data-comments-opened=\"1\" data-image-meta=\"{&quot;aperture&quot;:&quot;2.2&quot;,&quot;credit&quot;:&quot;&quot;,&quot;camera&quot;:&quot;iPhone 6s&quot;,&quot;caption&quot;:&quot;&quot;,&quot;created_timestamp&quot;:&quot;1462868035&quot;,&quot;copyright&quot;:&quot;&quot;,&quot;focal_length&quot;:&quot;4.15&quot;,&quot;iso&quot;:&quot;25&quot;,&quot;shutter_speed&quot;:&quot;0.00072780203784571&quot;,&quot;title&quot;:&quot;&quot;,&quot;orientation&quot;:&quot;1&quot;}\" data-image-title=\"img_0593.jpg\" data-image-description=\"\" data-image-caption=\"\" data-medium-file=\"https:\/\/i0.wp.com\/www.villalba-tsa.com\/wp-content\/uploads\/2017\/05\/img_0593.jpg?fit=300%2C225&amp;ssl=1\" data-large-file=\"https:\/\/i0.wp.com\/www.villalba-tsa.com\/wp-content\/uploads\/2017\/05\/img_0593.jpg?fit=790%2C593&amp;ssl=1\" src=\"https:\/\/i0.wp.com\/www.villalba-tsa.com\/wp-content\/uploads\/2017\/05\/img_0593.jpg?resize=790%2C593\" alt=\"\" width=\"790\" height=\"593\" class=\"alignnone size-full wp-image-325\" srcset=\"https:\/\/i0.wp.com\/www.villalba-tsa.com\/wp-content\/uploads\/2017\/05\/img_0593.jpg?w=4032&amp;ssl=1 4032w, https:\/\/i0.wp.com\/www.villalba-tsa.com\/wp-content\/uploads\/2017\/05\/img_0593.jpg?resize=300%2C225&amp;ssl=1 300w, https:\/\/i0.wp.com\/www.villalba-tsa.com\/wp-content\/uploads\/2017\/05\/img_0593.jpg?resize=768%2C576&amp;ssl=1 768w, https:\/\/i0.wp.com\/www.villalba-tsa.com\/wp-content\/uploads\/2017\/05\/img_0593.jpg?resize=1024%2C768&amp;ssl=1 1024w, https:\/\/i0.wp.com\/www.villalba-tsa.com\/wp-content\/uploads\/2017\/05\/img_0593.jpg?w=1580 1580w, https:\/\/i0.wp.com\/www.villalba-tsa.com\/wp-content\/uploads\/2017\/05\/img_0593.jpg?w=2370 2370w\" sizes=\"(max-width: 790px) 100vw, 790px\" \/><\/a><\/p>\n","protected":false},"excerpt":{"rendered":"<p>La soci\u00e9t\u00e9 VILLALBA T.S.A. peut r\u00e9pondre \u00e0 l&rsquo;ensemble de vos besoins de : TERRASSEMENT VRD (EP-EU-AEP-PTT-EDF-GAZ) AMENAGEMENT DE TERRAIN CREATION D ACCES PARKING Notre rayon d&rsquo;activit\u00e9 60 KM &#8211; MEGEVE &#8211; DEMI QUARTIER &#8211; PRAZ SUR ARLY &#8211; FLUMET &#8211; CHAMONIX &#8211; CLUSES Nous sommes \u00e0 votre disposition pour vous&#8230;<\/p>\n","protected":false},"author":1,"featured_media":0,"parent":0,"menu_order":0,"comment_status":"closed","ping_status":"closed","template":"","meta":{"jetpack_post_was_ever_published":false,"footnotes":""},"jetpack_sharing_enabled":true,"jetpack_shortlink":"https:\/\/wp.me\/P8HKR7-1a","jetpack-related-posts":[],"_links":{"self":[{"href":"https:\/\/www.villalba-tsa.com\/index.php\/wp-json\/wp\/v2\/pages\/72"}],"collection":[{"href":"https:\/\/www.villalba-tsa.com\/index.php\/wp-json\/wp\/v2\/pages"}],"about":[{"href":"https:\/\/www.villalba-tsa.com\/index.php\/wp-json\/wp\/v2\/types\/page"}],"author":[{"embeddable":true,"href":"https:\/\/www.villalba-tsa.com\/index.php\/wp-json\/wp\/v2\/users\/1"}],"replies":[{"embeddable":true,"href":"https:\/\/www.villalba-tsa.com\/index.php\/wp-json\/wp\/v2\/comments?post=72"}],"version-history":[{"count":6,"href":"https:\/\/www.villalba-tsa.com\/index.php\/wp-json\/wp\/v2\/pages\/72\/revisions"}],"predecessor-version":[{"id":332,"href":"https:\/\/www.villalba-tsa.com\/index.php\/wp-json\/wp\/v2\/pages\/72\/revisions\/332"}],"wp:attachment":[{"href":"https:\/\/www.villalba-tsa.com\/index.php\/wp-json\/wp\/v2\/media?parent=72"}],"curies":[{"name":"wp","href":"https:\/\/api.w.org\/{rel}","templated":true}]}}