{"id":71,"date":"2017-03-22T18:38:24","date_gmt":"2017-03-22T17:38:24","guid":{"rendered":"http:\/\/www.villalba-tsa.com\/?page_id=71"},"modified":"2017-05-15T17:46:32","modified_gmt":"2017-05-15T15:46:32","slug":"deneigement","status":"publish","type":"page","link":"https:\/\/www.villalba-tsa.com\/index.php\/deneigement\/","title":{"rendered":"D\u00e9neigement"},"content":{"rendered":"<p>Que vous soyez un particulier, un copropri\u00e9taire, un commer\u00e7ant, un artisan sur MEGEVE et DEMI QUARTIER, la soci\u00e9t\u00e9 VILLALBA T.S.A. vous propose ses services afin d&rsquo;assurer le d\u00e9neigement de vos parkings et acc\u00e8s.<\/p>\n<p>Nous sommes \u00e0 votre disposition pour vous \u00e9tudier le cout d&rsquo;un d\u00e9neigement  pour des interventions ponctuelles ou pour vous \u00e9tablir  un contrat de d\u00e9neigement pour toute la saison d&rsquo;hiver. Nous n&rsquo;appliquons pas de plus value pour les interventions r\u00e9alis\u00e9es les week end ou jours f\u00e9ri\u00e9s.<\/p>\n<p>Avant les premi\u00e8res chutes de neige, nous intervenons sur votre propri\u00e9t\u00e9 avec notre collaborateur qui sera attitr\u00e9 \u00e0 l&rsquo;ex\u00e9cution de votre d\u00e9neigement afin qu&rsquo;il m\u00e9morise les lieux avant l&rsquo;enneigement  et mettons en place nos jalons de signalisation afin de pr\u00e9server et de visualiser les parties sensibles qui seront recouverts de neige (gazon, bordures, barri\u00e8res &#8230;&#8230;)<\/p>\n<p>Nous investissons chaques ann\u00e9es dans l&rsquo;achat des derni\u00e8res chargeuses sortant sur le march\u00e9 de d\u00e9neigement, de ce fait, nous disposons d&rsquo;engins \u00e9quip\u00e9s des derni\u00e8res technologies \u00e0 savoir :<\/p>\n<p>Confort pour notre personnel<br \/>\nR\u00e9duction importante de la nuisance sonore<br \/>\nRapidit\u00e9, maniabilit\u00e9, pr\u00e9cision<br \/>\nEfficacit\u00e9 d&rsquo;ex\u00e9cution<br \/>\nR\u00e9duction  des rejets polluants<br \/>\nUtilisation de chargeuse de plus petite taille et de poids plus l\u00e9ger pour pr\u00e9server les sols<br \/>\nChargeuses \u00e9quip\u00e9es de lame en caoutchouc pour \u00e9pargner les goudrons<br \/>\nNous sommes une entreprise pilote pour la marque des chaine pewag et utilisons des chaines tr\u00e8s sp\u00e9cifiques afin de limit\u00e9 au mieux l&rsquo;impacte du roulage sur les routes et parkings.<\/p>\n<p><iframe loading=\"lazy\" width=\"790\" height=\"444\" src=\"https:\/\/www.youtube.com\/embed\/0JjNFv1voQ4?feature=oembed\" frameborder=\"0\" allowfullscreen><\/iframe><\/p>\n<p><a href=\"https:\/\/i0.wp.com\/www.villalba-tsa.com\/wp-content\/uploads\/2017\/05\/img_2524.jpg\"><img data-recalc-dims=\"1\" loading=\"lazy\" decoding=\"async\" data-attachment-id=\"288\" data-permalink=\"https:\/\/www.villalba-tsa.com\/index.php\/deneigement\/img_2524-jpg\/\" data-orig-file=\"https:\/\/i0.wp.com\/www.villalba-tsa.com\/wp-content\/uploads\/2017\/05\/img_2524.jpg?fit=1334%2C750&amp;ssl=1\" data-orig-size=\"1334,750\" data-comments-opened=\"1\" data-image-meta=\"{&quot;aperture&quot;:&quot;0&quot;,&quot;credit&quot;:&quot;&quot;,&quot;camera&quot;:&quot;&quot;,&quot;caption&quot;:&quot;&quot;,&quot;created_timestamp&quot;:&quot;0&quot;,&quot;copyright&quot;:&quot;&quot;,&quot;focal_length&quot;:&quot;0&quot;,&quot;iso&quot;:&quot;0&quot;,&quot;shutter_speed&quot;:&quot;0&quot;,&quot;title&quot;:&quot;&quot;,&quot;orientation&quot;:&quot;1&quot;}\" data-image-title=\"img_2524.jpg\" data-image-description=\"\" data-image-caption=\"\" data-medium-file=\"https:\/\/i0.wp.com\/www.villalba-tsa.com\/wp-content\/uploads\/2017\/05\/img_2524.jpg?fit=300%2C169&amp;ssl=1\" data-large-file=\"https:\/\/i0.wp.com\/www.villalba-tsa.com\/wp-content\/uploads\/2017\/05\/img_2524.jpg?fit=790%2C444&amp;ssl=1\" src=\"https:\/\/i0.wp.com\/www.villalba-tsa.com\/wp-content\/uploads\/2017\/05\/img_2524.jpg?resize=790%2C444\" alt=\"\" width=\"790\" height=\"444\" class=\"alignnone size-full wp-image-288\" srcset=\"https:\/\/i0.wp.com\/www.villalba-tsa.com\/wp-content\/uploads\/2017\/05\/img_2524.jpg?w=1334&amp;ssl=1 1334w, https:\/\/i0.wp.com\/www.villalba-tsa.com\/wp-content\/uploads\/2017\/05\/img_2524.jpg?resize=300%2C169&amp;ssl=1 300w, https:\/\/i0.wp.com\/www.villalba-tsa.com\/wp-content\/uploads\/2017\/05\/img_2524.jpg?resize=768%2C432&amp;ssl=1 768w, https:\/\/i0.wp.com\/www.villalba-tsa.com\/wp-content\/uploads\/2017\/05\/img_2524.jpg?resize=1024%2C576&amp;ssl=1 1024w\" sizes=\"(max-width: 790px) 100vw, 790px\" \/><\/a><br \/>\n<a href=\"https:\/\/i0.wp.com\/www.villalba-tsa.com\/wp-content\/uploads\/2017\/05\/img_4443.jpg\"><img data-recalc-dims=\"1\" loading=\"lazy\" decoding=\"async\" data-attachment-id=\"312\" data-permalink=\"https:\/\/www.villalba-tsa.com\/index.php\/deneigement\/img_4443-jpg\/\" data-orig-file=\"https:\/\/i0.wp.com\/www.villalba-tsa.com\/wp-content\/uploads\/2017\/05\/img_4443.jpg?fit=1334%2C888&amp;ssl=1\" data-orig-size=\"1334,888\" data-comments-opened=\"1\" data-image-meta=\"{&quot;aperture&quot;:&quot;5.6&quot;,&quot;credit&quot;:&quot;&quot;,&quot;camera&quot;:&quot;Canon EOS 5D Mark II&quot;,&quot;caption&quot;:&quot;&quot;,&quot;created_timestamp&quot;:&quot;1487758150&quot;,&quot;copyright&quot;:&quot;&quot;,&quot;focal_length&quot;:&quot;40&quot;,&quot;iso&quot;:&quot;100&quot;,&quot;shutter_speed&quot;:&quot;0.00625&quot;,&quot;title&quot;:&quot;&quot;,&quot;orientation&quot;:&quot;1&quot;}\" data-image-title=\"img_4443.jpg\" data-image-description=\"\" data-image-caption=\"\" data-medium-file=\"https:\/\/i0.wp.com\/www.villalba-tsa.com\/wp-content\/uploads\/2017\/05\/img_4443.jpg?fit=300%2C200&amp;ssl=1\" data-large-file=\"https:\/\/i0.wp.com\/www.villalba-tsa.com\/wp-content\/uploads\/2017\/05\/img_4443.jpg?fit=790%2C526&amp;ssl=1\" src=\"https:\/\/i0.wp.com\/www.villalba-tsa.com\/wp-content\/uploads\/2017\/05\/img_4443.jpg?resize=790%2C526\" alt=\"\" width=\"790\" height=\"526\" class=\"alignnone size-full wp-image-312\" srcset=\"https:\/\/i0.wp.com\/www.villalba-tsa.com\/wp-content\/uploads\/2017\/05\/img_4443.jpg?w=1334&amp;ssl=1 1334w, https:\/\/i0.wp.com\/www.villalba-tsa.com\/wp-content\/uploads\/2017\/05\/img_4443.jpg?resize=300%2C200&amp;ssl=1 300w, https:\/\/i0.wp.com\/www.villalba-tsa.com\/wp-content\/uploads\/2017\/05\/img_4443.jpg?resize=768%2C511&amp;ssl=1 768w, https:\/\/i0.wp.com\/www.villalba-tsa.com\/wp-content\/uploads\/2017\/05\/img_4443.jpg?resize=1024%2C682&amp;ssl=1 1024w\" sizes=\"(max-width: 790px) 100vw, 790px\" \/><\/a><a href=\"https:\/\/i0.wp.com\/www.villalba-tsa.com\/wp-content\/uploads\/2017\/05\/img_4350.jpg\"><img data-recalc-dims=\"1\" loading=\"lazy\" decoding=\"async\" data-attachment-id=\"311\" data-permalink=\"https:\/\/www.villalba-tsa.com\/index.php\/deneigement\/img_4350-jpg\/\" data-orig-file=\"https:\/\/i0.wp.com\/www.villalba-tsa.com\/wp-content\/uploads\/2017\/05\/img_4350.jpg?fit=1334%2C888&amp;ssl=1\" data-orig-size=\"1334,888\" data-comments-opened=\"1\" data-image-meta=\"{&quot;aperture&quot;:&quot;5.6&quot;,&quot;credit&quot;:&quot;&quot;,&quot;camera&quot;:&quot;Canon EOS 5D Mark II&quot;,&quot;caption&quot;:&quot;&quot;,&quot;created_timestamp&quot;:&quot;1487754904&quot;,&quot;copyright&quot;:&quot;&quot;,&quot;focal_length&quot;:&quot;105&quot;,&quot;iso&quot;:&quot;100&quot;,&quot;shutter_speed&quot;:&quot;0.005&quot;,&quot;title&quot;:&quot;&quot;,&quot;orientation&quot;:&quot;1&quot;}\" data-image-title=\"img_4350.jpg\" data-image-description=\"\" data-image-caption=\"\" data-medium-file=\"https:\/\/i0.wp.com\/www.villalba-tsa.com\/wp-content\/uploads\/2017\/05\/img_4350.jpg?fit=300%2C200&amp;ssl=1\" data-large-file=\"https:\/\/i0.wp.com\/www.villalba-tsa.com\/wp-content\/uploads\/2017\/05\/img_4350.jpg?fit=790%2C526&amp;ssl=1\" src=\"https:\/\/i0.wp.com\/www.villalba-tsa.com\/wp-content\/uploads\/2017\/05\/img_4350.jpg?resize=790%2C526\" alt=\"\" width=\"790\" height=\"526\" class=\"alignnone size-full wp-image-311\" srcset=\"https:\/\/i0.wp.com\/www.villalba-tsa.com\/wp-content\/uploads\/2017\/05\/img_4350.jpg?w=1334&amp;ssl=1 1334w, https:\/\/i0.wp.com\/www.villalba-tsa.com\/wp-content\/uploads\/2017\/05\/img_4350.jpg?resize=300%2C200&amp;ssl=1 300w, https:\/\/i0.wp.com\/www.villalba-tsa.com\/wp-content\/uploads\/2017\/05\/img_4350.jpg?resize=768%2C511&amp;ssl=1 768w, https:\/\/i0.wp.com\/www.villalba-tsa.com\/wp-content\/uploads\/2017\/05\/img_4350.jpg?resize=1024%2C682&amp;ssl=1 1024w\" sizes=\"(max-width: 790px) 100vw, 790px\" \/><\/a><a href=\"https:\/\/i0.wp.com\/www.villalba-tsa.com\/wp-content\/uploads\/2017\/05\/img_4265.jpg\"><img data-recalc-dims=\"1\" loading=\"lazy\" decoding=\"async\" data-attachment-id=\"310\" data-permalink=\"https:\/\/www.villalba-tsa.com\/index.php\/deneigement\/img_4265-jpg\/\" data-orig-file=\"https:\/\/i0.wp.com\/www.villalba-tsa.com\/wp-content\/uploads\/2017\/05\/img_4265.jpg?fit=1334%2C668&amp;ssl=1\" data-orig-size=\"1334,668\" data-comments-opened=\"1\" data-image-meta=\"{&quot;aperture&quot;:&quot;7.1&quot;,&quot;credit&quot;:&quot;&quot;,&quot;camera&quot;:&quot;Canon EOS 5D Mark II&quot;,&quot;caption&quot;:&quot;&quot;,&quot;created_timestamp&quot;:&quot;1487753387&quot;,&quot;copyright&quot;:&quot;&quot;,&quot;focal_length&quot;:&quot;98&quot;,&quot;iso&quot;:&quot;100&quot;,&quot;shutter_speed&quot;:&quot;0.004&quot;,&quot;title&quot;:&quot;&quot;,&quot;orientation&quot;:&quot;1&quot;}\" data-image-title=\"img_4265.jpg\" data-image-description=\"\" data-image-caption=\"\" data-medium-file=\"https:\/\/i0.wp.com\/www.villalba-tsa.com\/wp-content\/uploads\/2017\/05\/img_4265.jpg?fit=300%2C150&amp;ssl=1\" data-large-file=\"https:\/\/i0.wp.com\/www.villalba-tsa.com\/wp-content\/uploads\/2017\/05\/img_4265.jpg?fit=790%2C396&amp;ssl=1\" src=\"https:\/\/i0.wp.com\/www.villalba-tsa.com\/wp-content\/uploads\/2017\/05\/img_4265.jpg?resize=790%2C396\" alt=\"\" width=\"790\" height=\"396\" class=\"alignnone size-full wp-image-310\" srcset=\"https:\/\/i0.wp.com\/www.villalba-tsa.com\/wp-content\/uploads\/2017\/05\/img_4265.jpg?w=1334&amp;ssl=1 1334w, https:\/\/i0.wp.com\/www.villalba-tsa.com\/wp-content\/uploads\/2017\/05\/img_4265.jpg?resize=300%2C150&amp;ssl=1 300w, https:\/\/i0.wp.com\/www.villalba-tsa.com\/wp-content\/uploads\/2017\/05\/img_4265.jpg?resize=768%2C385&amp;ssl=1 768w, https:\/\/i0.wp.com\/www.villalba-tsa.com\/wp-content\/uploads\/2017\/05\/img_4265.jpg?resize=1024%2C513&amp;ssl=1 1024w\" sizes=\"(max-width: 790px) 100vw, 790px\" \/><\/a><a href=\"https:\/\/i0.wp.com\/www.villalba-tsa.com\/wp-content\/uploads\/2017\/05\/img_4477.jpg\"><img data-recalc-dims=\"1\" loading=\"lazy\" decoding=\"async\" data-attachment-id=\"315\" data-permalink=\"https:\/\/www.villalba-tsa.com\/index.php\/deneigement\/img_4477-jpg\/\" data-orig-file=\"https:\/\/i0.wp.com\/www.villalba-tsa.com\/wp-content\/uploads\/2017\/05\/img_4477.jpg?fit=2304%2C1536&amp;ssl=1\" data-orig-size=\"2304,1536\" data-comments-opened=\"1\" data-image-meta=\"{&quot;aperture&quot;:&quot;8&quot;,&quot;credit&quot;:&quot;&quot;,&quot;camera&quot;:&quot;Canon EOS 5D Mark II&quot;,&quot;caption&quot;:&quot;&quot;,&quot;created_timestamp&quot;:&quot;1487758859&quot;,&quot;copyright&quot;:&quot;&quot;,&quot;focal_length&quot;:&quot;100&quot;,&quot;iso&quot;:&quot;100&quot;,&quot;shutter_speed&quot;:&quot;0.003125&quot;,&quot;title&quot;:&quot;&quot;,&quot;orientation&quot;:&quot;1&quot;}\" data-image-title=\"img_4477.jpg\" data-image-description=\"\" data-image-caption=\"\" data-medium-file=\"https:\/\/i0.wp.com\/www.villalba-tsa.com\/wp-content\/uploads\/2017\/05\/img_4477.jpg?fit=300%2C200&amp;ssl=1\" data-large-file=\"https:\/\/i0.wp.com\/www.villalba-tsa.com\/wp-content\/uploads\/2017\/05\/img_4477.jpg?fit=790%2C527&amp;ssl=1\" src=\"https:\/\/i0.wp.com\/www.villalba-tsa.com\/wp-content\/uploads\/2017\/05\/img_4477.jpg?resize=790%2C527\" alt=\"\" width=\"790\" height=\"527\" class=\"alignnone size-full wp-image-315\" srcset=\"https:\/\/i0.wp.com\/www.villalba-tsa.com\/wp-content\/uploads\/2017\/05\/img_4477.jpg?w=2304&amp;ssl=1 2304w, https:\/\/i0.wp.com\/www.villalba-tsa.com\/wp-content\/uploads\/2017\/05\/img_4477.jpg?resize=300%2C200&amp;ssl=1 300w, https:\/\/i0.wp.com\/www.villalba-tsa.com\/wp-content\/uploads\/2017\/05\/img_4477.jpg?resize=768%2C512&amp;ssl=1 768w, https:\/\/i0.wp.com\/www.villalba-tsa.com\/wp-content\/uploads\/2017\/05\/img_4477.jpg?resize=1024%2C683&amp;ssl=1 1024w, https:\/\/i0.wp.com\/www.villalba-tsa.com\/wp-content\/uploads\/2017\/05\/img_4477.jpg?w=1580 1580w\" sizes=\"(max-width: 790px) 100vw, 790px\" \/><\/a><a href=\"https:\/\/i0.wp.com\/www.villalba-tsa.com\/wp-content\/uploads\/2017\/05\/img_4441.jpg\"><img data-recalc-dims=\"1\" loading=\"lazy\" decoding=\"async\" data-attachment-id=\"316\" data-permalink=\"https:\/\/www.villalba-tsa.com\/index.php\/deneigement\/img_4441-jpg\/\" data-orig-file=\"https:\/\/i0.wp.com\/www.villalba-tsa.com\/wp-content\/uploads\/2017\/05\/img_4441.jpg?fit=2304%2C1536&amp;ssl=1\" data-orig-size=\"2304,1536\" data-comments-opened=\"1\" data-image-meta=\"{&quot;aperture&quot;:&quot;9&quot;,&quot;credit&quot;:&quot;&quot;,&quot;camera&quot;:&quot;Canon EOS 5D Mark II&quot;,&quot;caption&quot;:&quot;&quot;,&quot;created_timestamp&quot;:&quot;1487758090&quot;,&quot;copyright&quot;:&quot;&quot;,&quot;focal_length&quot;:&quot;75&quot;,&quot;iso&quot;:&quot;100&quot;,&quot;shutter_speed&quot;:&quot;0.003125&quot;,&quot;title&quot;:&quot;&quot;,&quot;orientation&quot;:&quot;1&quot;}\" data-image-title=\"img_4441.jpg\" data-image-description=\"\" data-image-caption=\"\" data-medium-file=\"https:\/\/i0.wp.com\/www.villalba-tsa.com\/wp-content\/uploads\/2017\/05\/img_4441.jpg?fit=300%2C200&amp;ssl=1\" data-large-file=\"https:\/\/i0.wp.com\/www.villalba-tsa.com\/wp-content\/uploads\/2017\/05\/img_4441.jpg?fit=790%2C527&amp;ssl=1\" src=\"https:\/\/i0.wp.com\/www.villalba-tsa.com\/wp-content\/uploads\/2017\/05\/img_4441.jpg?resize=790%2C527\" alt=\"\" width=\"790\" height=\"527\" class=\"alignnone size-full wp-image-316\" srcset=\"https:\/\/i0.wp.com\/www.villalba-tsa.com\/wp-content\/uploads\/2017\/05\/img_4441.jpg?w=2304&amp;ssl=1 2304w, https:\/\/i0.wp.com\/www.villalba-tsa.com\/wp-content\/uploads\/2017\/05\/img_4441.jpg?resize=300%2C200&amp;ssl=1 300w, https:\/\/i0.wp.com\/www.villalba-tsa.com\/wp-content\/uploads\/2017\/05\/img_4441.jpg?resize=768%2C512&amp;ssl=1 768w, https:\/\/i0.wp.com\/www.villalba-tsa.com\/wp-content\/uploads\/2017\/05\/img_4441.jpg?resize=1024%2C683&amp;ssl=1 1024w, https:\/\/i0.wp.com\/www.villalba-tsa.com\/wp-content\/uploads\/2017\/05\/img_4441.jpg?w=1580 1580w\" sizes=\"(max-width: 790px) 100vw, 790px\" \/><a href=\"https:\/\/i0.wp.com\/www.villalba-tsa.com\/wp-content\/uploads\/2017\/05\/img_2529.jpg\"><img data-recalc-dims=\"1\" loading=\"lazy\" decoding=\"async\" data-attachment-id=\"323\" data-permalink=\"https:\/\/www.villalba-tsa.com\/index.php\/deneigement\/img_2529-jpg\/\" data-orig-file=\"https:\/\/i0.wp.com\/www.villalba-tsa.com\/wp-content\/uploads\/2017\/05\/img_2529.jpg?fit=1334%2C750&amp;ssl=1\" data-orig-size=\"1334,750\" data-comments-opened=\"1\" data-image-meta=\"{&quot;aperture&quot;:&quot;0&quot;,&quot;credit&quot;:&quot;&quot;,&quot;camera&quot;:&quot;&quot;,&quot;caption&quot;:&quot;&quot;,&quot;created_timestamp&quot;:&quot;0&quot;,&quot;copyright&quot;:&quot;&quot;,&quot;focal_length&quot;:&quot;0&quot;,&quot;iso&quot;:&quot;0&quot;,&quot;shutter_speed&quot;:&quot;0&quot;,&quot;title&quot;:&quot;&quot;,&quot;orientation&quot;:&quot;1&quot;}\" data-image-title=\"img_2529.jpg\" data-image-description=\"\" data-image-caption=\"\" data-medium-file=\"https:\/\/i0.wp.com\/www.villalba-tsa.com\/wp-content\/uploads\/2017\/05\/img_2529.jpg?fit=300%2C169&amp;ssl=1\" data-large-file=\"https:\/\/i0.wp.com\/www.villalba-tsa.com\/wp-content\/uploads\/2017\/05\/img_2529.jpg?fit=790%2C444&amp;ssl=1\" src=\"https:\/\/i0.wp.com\/www.villalba-tsa.com\/wp-content\/uploads\/2017\/05\/img_2529.jpg?resize=790%2C444\" alt=\"\" width=\"790\" height=\"444\" class=\"alignnone size-full wp-image-323\" srcset=\"https:\/\/i0.wp.com\/www.villalba-tsa.com\/wp-content\/uploads\/2017\/05\/img_2529.jpg?w=1334&amp;ssl=1 1334w, https:\/\/i0.wp.com\/www.villalba-tsa.com\/wp-content\/uploads\/2017\/05\/img_2529.jpg?resize=300%2C169&amp;ssl=1 300w, https:\/\/i0.wp.com\/www.villalba-tsa.com\/wp-content\/uploads\/2017\/05\/img_2529.jpg?resize=768%2C432&amp;ssl=1 768w, https:\/\/i0.wp.com\/www.villalba-tsa.com\/wp-content\/uploads\/2017\/05\/img_2529.jpg?resize=1024%2C576&amp;ssl=1 1024w\" sizes=\"(max-width: 790px) 100vw, 790px\" \/><\/a><a href=\"https:\/\/i0.wp.com\/www.villalba-tsa.com\/wp-content\/uploads\/2017\/05\/img_2528.jpg\"><img data-recalc-dims=\"1\" loading=\"lazy\" decoding=\"async\" data-attachment-id=\"321\" data-permalink=\"https:\/\/www.villalba-tsa.com\/index.php\/deneigement\/img_2528-jpg\/\" data-orig-file=\"https:\/\/i0.wp.com\/www.villalba-tsa.com\/wp-content\/uploads\/2017\/05\/img_2528.jpg?fit=1334%2C750&amp;ssl=1\" data-orig-size=\"1334,750\" data-comments-opened=\"1\" data-image-meta=\"{&quot;aperture&quot;:&quot;0&quot;,&quot;credit&quot;:&quot;&quot;,&quot;camera&quot;:&quot;&quot;,&quot;caption&quot;:&quot;&quot;,&quot;created_timestamp&quot;:&quot;0&quot;,&quot;copyright&quot;:&quot;&quot;,&quot;focal_length&quot;:&quot;0&quot;,&quot;iso&quot;:&quot;0&quot;,&quot;shutter_speed&quot;:&quot;0&quot;,&quot;title&quot;:&quot;&quot;,&quot;orientation&quot;:&quot;1&quot;}\" data-image-title=\"img_2528.jpg\" data-image-description=\"\" data-image-caption=\"\" data-medium-file=\"https:\/\/i0.wp.com\/www.villalba-tsa.com\/wp-content\/uploads\/2017\/05\/img_2528.jpg?fit=300%2C169&amp;ssl=1\" data-large-file=\"https:\/\/i0.wp.com\/www.villalba-tsa.com\/wp-content\/uploads\/2017\/05\/img_2528.jpg?fit=790%2C444&amp;ssl=1\" src=\"https:\/\/i0.wp.com\/www.villalba-tsa.com\/wp-content\/uploads\/2017\/05\/img_2528.jpg?resize=790%2C444\" alt=\"\" width=\"790\" height=\"444\" class=\"alignnone size-full wp-image-321\" srcset=\"https:\/\/i0.wp.com\/www.villalba-tsa.com\/wp-content\/uploads\/2017\/05\/img_2528.jpg?w=1334&amp;ssl=1 1334w, https:\/\/i0.wp.com\/www.villalba-tsa.com\/wp-content\/uploads\/2017\/05\/img_2528.jpg?resize=300%2C169&amp;ssl=1 300w, https:\/\/i0.wp.com\/www.villalba-tsa.com\/wp-content\/uploads\/2017\/05\/img_2528.jpg?resize=768%2C432&amp;ssl=1 768w, https:\/\/i0.wp.com\/www.villalba-tsa.com\/wp-content\/uploads\/2017\/05\/img_2528.jpg?resize=1024%2C576&amp;ssl=1 1024w\" sizes=\"(max-width: 790px) 100vw, 790px\" \/><\/a><a href=\"https:\/\/i0.wp.com\/www.villalba-tsa.com\/wp-content\/uploads\/2017\/05\/img_2527.jpg\"><img data-recalc-dims=\"1\" loading=\"lazy\" decoding=\"async\" data-attachment-id=\"322\" data-permalink=\"https:\/\/www.villalba-tsa.com\/index.php\/deneigement\/img_2527-jpg\/\" data-orig-file=\"https:\/\/i0.wp.com\/www.villalba-tsa.com\/wp-content\/uploads\/2017\/05\/img_2527.jpg?fit=1334%2C750&amp;ssl=1\" data-orig-size=\"1334,750\" data-comments-opened=\"1\" data-image-meta=\"{&quot;aperture&quot;:&quot;0&quot;,&quot;credit&quot;:&quot;&quot;,&quot;camera&quot;:&quot;&quot;,&quot;caption&quot;:&quot;&quot;,&quot;created_timestamp&quot;:&quot;0&quot;,&quot;copyright&quot;:&quot;&quot;,&quot;focal_length&quot;:&quot;0&quot;,&quot;iso&quot;:&quot;0&quot;,&quot;shutter_speed&quot;:&quot;0&quot;,&quot;title&quot;:&quot;&quot;,&quot;orientation&quot;:&quot;1&quot;}\" data-image-title=\"img_2527.jpg\" data-image-description=\"\" data-image-caption=\"\" data-medium-file=\"https:\/\/i0.wp.com\/www.villalba-tsa.com\/wp-content\/uploads\/2017\/05\/img_2527.jpg?fit=300%2C169&amp;ssl=1\" data-large-file=\"https:\/\/i0.wp.com\/www.villalba-tsa.com\/wp-content\/uploads\/2017\/05\/img_2527.jpg?fit=790%2C444&amp;ssl=1\" src=\"https:\/\/i0.wp.com\/www.villalba-tsa.com\/wp-content\/uploads\/2017\/05\/img_2527.jpg?resize=790%2C444\" alt=\"\" width=\"790\" height=\"444\" class=\"alignnone size-full wp-image-322\" srcset=\"https:\/\/i0.wp.com\/www.villalba-tsa.com\/wp-content\/uploads\/2017\/05\/img_2527.jpg?w=1334&amp;ssl=1 1334w, https:\/\/i0.wp.com\/www.villalba-tsa.com\/wp-content\/uploads\/2017\/05\/img_2527.jpg?resize=300%2C169&amp;ssl=1 300w, https:\/\/i0.wp.com\/www.villalba-tsa.com\/wp-content\/uploads\/2017\/05\/img_2527.jpg?resize=768%2C432&amp;ssl=1 768w, https:\/\/i0.wp.com\/www.villalba-tsa.com\/wp-content\/uploads\/2017\/05\/img_2527.jpg?resize=1024%2C576&amp;ssl=1 1024w\" sizes=\"(max-width: 790px) 100vw, 790px\" \/><\/a><\/a><a href=\"https:\/\/i0.wp.com\/www.villalba-tsa.com\/wp-content\/uploads\/2017\/05\/pano.jpg\"><img data-recalc-dims=\"1\" loading=\"lazy\" decoding=\"async\" data-attachment-id=\"318\" data-permalink=\"https:\/\/www.villalba-tsa.com\/index.php\/deneigement\/pano-jpg\/\" data-orig-file=\"https:\/\/i0.wp.com\/www.villalba-tsa.com\/wp-content\/uploads\/2017\/05\/pano.jpg?fit=1334%2C284&amp;ssl=1\" data-orig-size=\"1334,284\" data-comments-opened=\"1\" data-image-meta=\"{&quot;aperture&quot;:&quot;13&quot;,&quot;credit&quot;:&quot;&quot;,&quot;camera&quot;:&quot;Canon EOS 5D Mark II&quot;,&quot;caption&quot;:&quot;Stitched Panorama&quot;,&quot;created_timestamp&quot;:&quot;1487753999&quot;,&quot;copyright&quot;:&quot;&quot;,&quot;focal_length&quot;:&quot;35&quot;,&quot;iso&quot;:&quot;100&quot;,&quot;shutter_speed&quot;:&quot;0.016666666666667&quot;,&quot;title&quot;:&quot;Stitched Panorama&quot;,&quot;orientation&quot;:&quot;1&quot;}\" data-image-title=\"pano.jpg\" data-image-description=\"\" data-image-caption=\"\" data-medium-file=\"https:\/\/i0.wp.com\/www.villalba-tsa.com\/wp-content\/uploads\/2017\/05\/pano.jpg?fit=300%2C64&amp;ssl=1\" data-large-file=\"https:\/\/i0.wp.com\/www.villalba-tsa.com\/wp-content\/uploads\/2017\/05\/pano.jpg?fit=790%2C168&amp;ssl=1\" src=\"https:\/\/i0.wp.com\/www.villalba-tsa.com\/wp-content\/uploads\/2017\/05\/pano.jpg?resize=790%2C168\" alt=\"\" width=\"790\" height=\"168\" class=\"alignnone size-full wp-image-318\" srcset=\"https:\/\/i0.wp.com\/www.villalba-tsa.com\/wp-content\/uploads\/2017\/05\/pano.jpg?w=1334&amp;ssl=1 1334w, https:\/\/i0.wp.com\/www.villalba-tsa.com\/wp-content\/uploads\/2017\/05\/pano.jpg?resize=300%2C64&amp;ssl=1 300w, https:\/\/i0.wp.com\/www.villalba-tsa.com\/wp-content\/uploads\/2017\/05\/pano.jpg?resize=768%2C164&amp;ssl=1 768w, https:\/\/i0.wp.com\/www.villalba-tsa.com\/wp-content\/uploads\/2017\/05\/pano.jpg?resize=1024%2C218&amp;ssl=1 1024w\" sizes=\"(max-width: 790px) 100vw, 790px\" \/><\/a><\/p>\n","protected":false},"excerpt":{"rendered":"<p>Que vous soyez un particulier, un copropri\u00e9taire, un commer\u00e7ant, un artisan sur MEGEVE et DEMI QUARTIER, la soci\u00e9t\u00e9 VILLALBA T.S.A. vous propose ses services afin d&rsquo;assurer le d\u00e9neigement de vos parkings et acc\u00e8s. Nous sommes \u00e0 votre disposition pour vous \u00e9tudier le cout d&rsquo;un d\u00e9neigement pour des interventions ponctuelles ou&#8230;<\/p>\n","protected":false},"author":1,"featured_media":0,"parent":0,"menu_order":0,"comment_status":"closed","ping_status":"closed","template":"","meta":{"jetpack_post_was_ever_published":false,"footnotes":""},"jetpack_sharing_enabled":true,"jetpack_shortlink":"https:\/\/wp.me\/P8HKR7-19","jetpack-related-posts":[],"_links":{"self":[{"href":"https:\/\/www.villalba-tsa.com\/index.php\/wp-json\/wp\/v2\/pages\/71"}],"collection":[{"href":"https:\/\/www.villalba-tsa.com\/index.php\/wp-json\/wp\/v2\/pages"}],"about":[{"href":"https:\/\/www.villalba-tsa.com\/index.php\/wp-json\/wp\/v2\/types\/page"}],"author":[{"embeddable":true,"href":"https:\/\/www.villalba-tsa.com\/index.php\/wp-json\/wp\/v2\/users\/1"}],"replies":[{"embeddable":true,"href":"https:\/\/www.villalba-tsa.com\/index.php\/wp-json\/wp\/v2\/comments?post=71"}],"version-history":[{"count":10,"href":"https:\/\/www.villalba-tsa.com\/index.php\/wp-json\/wp\/v2\/pages\/71\/revisions"}],"predecessor-version":[{"id":324,"href":"https:\/\/www.villalba-tsa.com\/index.php\/wp-json\/wp\/v2\/pages\/71\/revisions\/324"}],"wp:attachment":[{"href":"https:\/\/www.villalba-tsa.com\/index.php\/wp-json\/wp\/v2\/media?parent=71"}],"curies":[{"name":"wp","href":"https:\/\/api.w.org\/{rel}","templated":true}]}}