{"id":179,"date":"2017-03-23T19:12:03","date_gmt":"2017-03-23T18:12:03","guid":{"rendered":"http:\/\/www.villalba-tsa.com\/?page_id=179"},"modified":"2017-05-15T18:37:43","modified_gmt":"2017-05-15T16:37:43","slug":"ou-somme-nous","status":"publish","type":"page","link":"https:\/\/www.villalba-tsa.com\/index.php\/ou-somme-nous\/","title":{"rendered":"Ou sommes nous"},"content":{"rendered":"<p>La soci\u00e9t\u00e9 VILLALBA TSA dispose de 2 Sites d&rsquo;exploitation  :<\/p>\n<p>* Nos bureaux et nos ateliers sont situ\u00e9s au 155 Chemin du Petit darbon 74 120  DEMI QUARTIER.<\/p>\n<p>Lorsque vous sortez de MEGEVE (en direction de COMBLOUX) tout de suite apr\u00e8s le rond point du supermarch\u00e9 Casino, vous trouverez notre totem publicitaire lumineux sur votre droite, prenez cette impasse et suivez la signal\u00e9tique, nous nous trouvons au fond \u00e0 gauche.<br \/>\n<a href=\"https:\/\/i0.wp.com\/www.villalba-tsa.com\/wp-content\/uploads\/2017\/05\/img_2532.jpg\"><img data-recalc-dims=\"1\" loading=\"lazy\" decoding=\"async\" data-attachment-id=\"344\" data-permalink=\"https:\/\/www.villalba-tsa.com\/index.php\/ou-somme-nous\/img_2532-jpg\/\" data-orig-file=\"https:\/\/i0.wp.com\/www.villalba-tsa.com\/wp-content\/uploads\/2017\/05\/img_2532.jpg?fit=5616%2C2509&amp;ssl=1\" data-orig-size=\"5616,2509\" data-comments-opened=\"1\" data-image-meta=\"{&quot;aperture&quot;:&quot;13&quot;,&quot;credit&quot;:&quot;&quot;,&quot;camera&quot;:&quot;Canon EOS 5D Mark II&quot;,&quot;caption&quot;:&quot;&quot;,&quot;created_timestamp&quot;:&quot;1490018624&quot;,&quot;copyright&quot;:&quot;&quot;,&quot;focal_length&quot;:&quot;24&quot;,&quot;iso&quot;:&quot;200&quot;,&quot;shutter_speed&quot;:&quot;0.003125&quot;,&quot;title&quot;:&quot;&quot;,&quot;orientation&quot;:&quot;1&quot;}\" data-image-title=\"img_2532.jpg\" data-image-description=\"\" data-image-caption=\"\" data-medium-file=\"https:\/\/i0.wp.com\/www.villalba-tsa.com\/wp-content\/uploads\/2017\/05\/img_2532.jpg?fit=300%2C134&amp;ssl=1\" data-large-file=\"https:\/\/i0.wp.com\/www.villalba-tsa.com\/wp-content\/uploads\/2017\/05\/img_2532.jpg?fit=790%2C353&amp;ssl=1\" src=\"https:\/\/i0.wp.com\/www.villalba-tsa.com\/wp-content\/uploads\/2017\/05\/img_2532.jpg?resize=790%2C353\" alt=\"\" width=\"790\" height=\"353\" class=\"alignnone size-full wp-image-344\" srcset=\"https:\/\/i0.wp.com\/www.villalba-tsa.com\/wp-content\/uploads\/2017\/05\/img_2532.jpg?w=5616&amp;ssl=1 5616w, https:\/\/i0.wp.com\/www.villalba-tsa.com\/wp-content\/uploads\/2017\/05\/img_2532.jpg?resize=300%2C134&amp;ssl=1 300w, https:\/\/i0.wp.com\/www.villalba-tsa.com\/wp-content\/uploads\/2017\/05\/img_2532.jpg?resize=768%2C343&amp;ssl=1 768w, https:\/\/i0.wp.com\/www.villalba-tsa.com\/wp-content\/uploads\/2017\/05\/img_2532.jpg?resize=1024%2C457&amp;ssl=1 1024w, https:\/\/i0.wp.com\/www.villalba-tsa.com\/wp-content\/uploads\/2017\/05\/img_2532.jpg?w=1580 1580w, https:\/\/i0.wp.com\/www.villalba-tsa.com\/wp-content\/uploads\/2017\/05\/img_2532.jpg?w=2370 2370w\" sizes=\"(max-width: 790px) 100vw, 790px\" \/><\/a><a href=\"https:\/\/i0.wp.com\/www.villalba-tsa.com\/wp-content\/uploads\/2017\/05\/img_2531.jpg\"><img data-recalc-dims=\"1\" loading=\"lazy\" decoding=\"async\" data-attachment-id=\"345\" data-permalink=\"https:\/\/www.villalba-tsa.com\/index.php\/ou-somme-nous\/img_2531-jpg\/\" data-orig-file=\"https:\/\/i0.wp.com\/www.villalba-tsa.com\/wp-content\/uploads\/2017\/05\/img_2531.jpg?fit=9937%2C4019&amp;ssl=1\" data-orig-size=\"9937,4019\" data-comments-opened=\"1\" data-image-meta=\"{&quot;aperture&quot;:&quot;11&quot;,&quot;credit&quot;:&quot;&quot;,&quot;camera&quot;:&quot;Canon EOS 5D Mark II&quot;,&quot;caption&quot;:&quot;Stitched Panorama&quot;,&quot;created_timestamp&quot;:&quot;1490018362&quot;,&quot;copyright&quot;:&quot;&quot;,&quot;focal_length&quot;:&quot;24&quot;,&quot;iso&quot;:&quot;200&quot;,&quot;shutter_speed&quot;:&quot;0.004&quot;,&quot;title&quot;:&quot;Stitched Panorama&quot;,&quot;orientation&quot;:&quot;1&quot;}\" data-image-title=\"img_2531.jpg\" data-image-description=\"\" data-image-caption=\"\" data-medium-file=\"https:\/\/i0.wp.com\/www.villalba-tsa.com\/wp-content\/uploads\/2017\/05\/img_2531.jpg?fit=300%2C121&amp;ssl=1\" data-large-file=\"https:\/\/i0.wp.com\/www.villalba-tsa.com\/wp-content\/uploads\/2017\/05\/img_2531.jpg?fit=790%2C319&amp;ssl=1\" src=\"https:\/\/i0.wp.com\/www.villalba-tsa.com\/wp-content\/uploads\/2017\/05\/img_2531.jpg?resize=790%2C320\" alt=\"\" width=\"790\" height=\"320\" class=\"alignnone size-full wp-image-345\" srcset=\"https:\/\/i0.wp.com\/www.villalba-tsa.com\/wp-content\/uploads\/2017\/05\/img_2531.jpg?w=9937&amp;ssl=1 9937w, https:\/\/i0.wp.com\/www.villalba-tsa.com\/wp-content\/uploads\/2017\/05\/img_2531.jpg?resize=300%2C121&amp;ssl=1 300w, https:\/\/i0.wp.com\/www.villalba-tsa.com\/wp-content\/uploads\/2017\/05\/img_2531.jpg?resize=768%2C311&amp;ssl=1 768w, https:\/\/i0.wp.com\/www.villalba-tsa.com\/wp-content\/uploads\/2017\/05\/img_2531.jpg?resize=1024%2C414&amp;ssl=1 1024w, https:\/\/i0.wp.com\/www.villalba-tsa.com\/wp-content\/uploads\/2017\/05\/img_2531.jpg?w=1580 1580w, https:\/\/i0.wp.com\/www.villalba-tsa.com\/wp-content\/uploads\/2017\/05\/img_2531.jpg?w=2370 2370w\" sizes=\"(max-width: 790px) 100vw, 790px\" \/><\/a><br \/>\n<iframe loading=\"lazy\" src=\"https:\/\/www.google.com\/maps\/embed?pb=!1m18!1m12!1m3!1d1388.9884788521495!2d6.6306466252422736!3d45.871770594528435!2m3!1f0!2f0!3f0!3m2!1i1024!2i768!4f13.1!3m3!1m2!1s0x478bfd69d987ec11%3A0x7a1b7ce1662063a!2sVillalba+T.S.A!5e0!3m2!1sfr!2sfr!4v1490294663574\" width=\"600\" height=\"450\" frameborder=\"0\" style=\"border:0\" allowfullscreen=\"\"><\/iframe><br \/>\n* Notre annexe et lieu de stockage de 4000 M2 se situe dans la ZAC au 814 route de Plan Mouill\u00e9e 74 920 COMBLOUX<\/p>\n<p>A la sortie de COMBLOUX au dernier rond point prendre la direction du terrain de foot, nous nous situons dans la derni\u00e8re partie de la ZAC sur votre droite.<br \/>\n<a href=\"https:\/\/i0.wp.com\/www.villalba-tsa.com\/wp-content\/uploads\/2017\/05\/img_1980.jpg\"><img data-recalc-dims=\"1\" loading=\"lazy\" decoding=\"async\" data-attachment-id=\"333\" data-permalink=\"https:\/\/www.villalba-tsa.com\/index.php\/ou-somme-nous\/img_1980-jpg\/\" data-orig-file=\"https:\/\/i0.wp.com\/www.villalba-tsa.com\/wp-content\/uploads\/2017\/05\/img_1980.jpg?fit=960%2C720&amp;ssl=1\" data-orig-size=\"960,720\" data-comments-opened=\"1\" data-image-meta=\"{&quot;aperture&quot;:&quot;0&quot;,&quot;credit&quot;:&quot;&quot;,&quot;camera&quot;:&quot;&quot;,&quot;caption&quot;:&quot;&quot;,&quot;created_timestamp&quot;:&quot;0&quot;,&quot;copyright&quot;:&quot;&quot;,&quot;focal_length&quot;:&quot;0&quot;,&quot;iso&quot;:&quot;0&quot;,&quot;shutter_speed&quot;:&quot;0&quot;,&quot;title&quot;:&quot;&quot;,&quot;orientation&quot;:&quot;1&quot;}\" data-image-title=\"img_1980.jpg\" data-image-description=\"\" data-image-caption=\"\" data-medium-file=\"https:\/\/i0.wp.com\/www.villalba-tsa.com\/wp-content\/uploads\/2017\/05\/img_1980.jpg?fit=300%2C225&amp;ssl=1\" data-large-file=\"https:\/\/i0.wp.com\/www.villalba-tsa.com\/wp-content\/uploads\/2017\/05\/img_1980.jpg?fit=790%2C593&amp;ssl=1\" src=\"https:\/\/i0.wp.com\/www.villalba-tsa.com\/wp-content\/uploads\/2017\/05\/img_1980.jpg?resize=790%2C593\" alt=\"\" width=\"790\" height=\"593\" class=\"alignnone size-full wp-image-333\" srcset=\"https:\/\/i0.wp.com\/www.villalba-tsa.com\/wp-content\/uploads\/2017\/05\/img_1980.jpg?w=960&amp;ssl=1 960w, https:\/\/i0.wp.com\/www.villalba-tsa.com\/wp-content\/uploads\/2017\/05\/img_1980.jpg?resize=300%2C225&amp;ssl=1 300w, https:\/\/i0.wp.com\/www.villalba-tsa.com\/wp-content\/uploads\/2017\/05\/img_1980.jpg?resize=768%2C576&amp;ssl=1 768w\" sizes=\"(max-width: 790px) 100vw, 790px\" \/><\/a><br \/>\n<iframe loading=\"lazy\" src=\"https:\/\/www.google.com\/maps\/embed?pb=!1m18!1m12!1m3!1d1388.24078699033!2d6.646876722586433!3d45.90168076328951!2m3!1f0!2f0!3f0!3m2!1i1024!2i768!4f13.1!3m3!1m2!1s0x478bfd7890f0f54d%3A0xab1c271321be5d4d!2sRoute+de+Plan+Mouille%2C+74920+Combloux!5e0!3m2!1sfr!2sfr!4v1490295042443\" width=\"600\" height=\"450\" frameborder=\"0\" style=\"border:0\" allowfullscreen=\"\"><\/iframe><\/p>\n","protected":false},"excerpt":{"rendered":"<p>La soci\u00e9t\u00e9 VILLALBA TSA dispose de 2 Sites d&rsquo;exploitation : * Nos bureaux et nos ateliers sont situ\u00e9s au 155 Chemin du Petit darbon 74 120 DEMI QUARTIER. Lorsque vous sortez de MEGEVE (en direction de COMBLOUX) tout de suite apr\u00e8s le rond point du supermarch\u00e9 Casino, vous trouverez notre&#8230;<\/p>\n","protected":false},"author":1,"featured_media":0,"parent":0,"menu_order":0,"comment_status":"closed","ping_status":"closed","template":"","meta":{"jetpack_post_was_ever_published":false,"footnotes":""},"jetpack_sharing_enabled":true,"jetpack_shortlink":"https:\/\/wp.me\/P8HKR7-2T","jetpack-related-posts":[],"_links":{"self":[{"href":"https:\/\/www.villalba-tsa.com\/index.php\/wp-json\/wp\/v2\/pages\/179"}],"collection":[{"href":"https:\/\/www.villalba-tsa.com\/index.php\/wp-json\/wp\/v2\/pages"}],"about":[{"href":"https:\/\/www.villalba-tsa.com\/index.php\/wp-json\/wp\/v2\/types\/page"}],"author":[{"embeddable":true,"href":"https:\/\/www.villalba-tsa.com\/index.php\/wp-json\/wp\/v2\/users\/1"}],"replies":[{"embeddable":true,"href":"https:\/\/www.villalba-tsa.com\/index.php\/wp-json\/wp\/v2\/comments?post=179"}],"version-history":[{"count":9,"href":"https:\/\/www.villalba-tsa.com\/index.php\/wp-json\/wp\/v2\/pages\/179\/revisions"}],"predecessor-version":[{"id":346,"href":"https:\/\/www.villalba-tsa.com\/index.php\/wp-json\/wp\/v2\/pages\/179\/revisions\/346"}],"wp:attachment":[{"href":"https:\/\/www.villalba-tsa.com\/index.php\/wp-json\/wp\/v2\/media?parent=179"}],"curies":[{"name":"wp","href":"https:\/\/api.w.org\/{rel}","templated":true}]}}